{"id":252,"date":"2026-01-13T22:59:26","date_gmt":"2026-01-13T22:59:26","guid":{"rendered":"https:\/\/easyjob4you.ai\/geschaeftsbedingungen\/"},"modified":"2026-02-03T14:19:51","modified_gmt":"2026-02-03T14:19:51","slug":"geschaeftsbedingungen","status":"publish","type":"page","link":"https:\/\/easyjob4you.ai\/de\/geschaeftsbedingungen\/","title":{"rendered":"Gesch\u00e4ftsbedingungen"},"content":{"rendered":"\n<h2 class=\"wp-block-heading\">1. <strong>Geltungsbereich, Begriffsbestimmungen und Vertragsgegenstand<\/strong><\/h2>\n\n\n\n<p>1.1. Die nachfolgenden Allgemeinen Gesch\u00e4ftsbedingungen (nachfolgend <strong>\u201eAGB\u201c<\/strong>) gelten f\u00fcr alle Vertr\u00e4ge zwischen der EasyJob4You LDA, vertreten durch die Gesch\u00e4ftsf\u00fchrer Helmut Scher\u00fcbl, Izabela Podgorska, Avenida da Rep\u00fablica, 6, P-1050-191 Lissabon, Portugal (nachfolgend geschlechtsneutral <strong>\u201eAnbieter\u201c<\/strong>) und den Kund:innen (nachfolgend geschlechtsneutral <strong>\u201eKunde\u201c<\/strong>, gemeinsam auch <strong>\u201eParteien\u201c<\/strong>), die diese mit dem Anbieter hinsichtlich der in seiner mobilen Applikation (nachfolgend <strong>\u201eApp\u201c<\/strong>) beschriebenen Abonnements (nachfolgend <strong>\u201eLeistungen\u201c<\/strong>) abschlie\u00dfen. Verwendet der Kunde entgegenstehende oder erg\u00e4nzende Bedingungen, wird deren Geltung und Einbeziehung hiermit widersprochen, es sei denn, es ist etwas anderes zwischen den Parteien vereinbart.<\/p>\n\n\n\n<p>1.2. Die AGB des Anbieters gelten ausschlie\u00dflich. Abweichende, entgegenstehende oder erg\u00e4nzende AGB des Kunden werden nur dann und insoweit Vertragsbestandteil, sofern der Anbieter ihrer Geltung ausdr\u00fccklich zugestimmt hat. Dieses Zustimmungserfordernis gilt in jedem Fall, beispielsweise auch dann, wenn der Kunde im Rahmen der Bestellung auf seine AGB verweist und der Anbieter dem nicht ausdr\u00fccklich widerspricht.<\/p>\n\n\n\n<p>1.3. Diese AGB gelten ausschlie\u00dflich, wenn der Kunde Unternehmer ist. Unternehmer ist gem. \u00a7\u00a014 BGB eine nat\u00fcrliche oder juristische Person oder eine rechtsf\u00e4hige Personengesellschaft, die bei Abschluss eines Rechtsgesch\u00e4fts in Aus\u00fcbung ihrer gewerblichen oder selbst\u00e4ndigen beruflichen T\u00e4tigkeit handelt. Demgegen\u00fcber ist Verbraucher gem. \u00a7 13 BGB jede nat\u00fcrliche Person, die ein Rechtsgesch\u00e4ft zu Zwecken abschlie\u00dft, die \u00fcberwiegend weder ihrer gewerblichen noch ihrer selbst\u00e4ndigen beruflichen T\u00e4tigkeit zugerechnet werden k\u00f6nnen.<\/p>\n\n\n\n<p>1.4. Unternehmer im Sinne dieser AGB sind auch Beh\u00f6rden, K\u00f6rperschaften, Anstalten, Stiftungen, juristische Person des \u00f6ffentlichen Rechts oder ein \u00f6ffentlich-rechtliches Sonderverm\u00f6gen, die bei Vertragsschluss ausschlie\u00dflich privatrechtlich handeln.<\/p>\n\n\n\n<p>1.5. Vertragsgegenstand ist die entgeltliche Bereitstellung technischer Funktionen zur Einstellung und Ver\u00f6ffentlichung Stellenangeboten und\/oder Arbeitgeberprofilen in der App des Anbieters. Eine Vermittlung oder Kommunikation zwischen potenziellen Arbeitnehmern und dem Kunden innerhalb der App findet nicht statt.<\/p>\n\n\n\n<p>1.6. Der Vertragsgegenstand kann abh\u00e4ngig von der Leistungsbeschreibung des Anbieters sowohl der einmalige als auch der regelm\u00e4\u00dfige Bezug von Leistungen (nachfolgend <strong>\u201eAbonnementvertrag\u201c<\/strong>) sein. Beim Abonnementvertrag verpflichtet sich der Anbieter, dem Kunden die vertraglich geschuldeten Leistungen innerhalb der vereinbarten Vertragslaufzeit in den geschuldeten Zeitintervallen bereitzustellen.<\/p>\n\n\n\n<p>1.7. Erg\u00e4nzend zu diesen AGB gelten im \u00dcbrigen f\u00fcr die Nutzung der App die Nutzungsbedingungen des Anbieters, welche Vertragsgegenstand werden und unter dem Link eingesehen und abgerufen werden k\u00f6nnen.<\/p>\n\n\n\n<p>1.8. Unsere\u00a0kostenpflichtigen\u00a0Angebote richten sich ausschlie\u00dflich an Unternehmer. Wir schlie\u00dfen keine\u00a0kostenpflichtigen\u00a0Vertr\u00e4ge mit Verbrauchern.F\u00fcr Verbraucher ist unser Angebot kostenlos.<\/p>\n\n\n\n<h2 class=\"wp-block-heading\">2. <strong>Vertragsschluss und Vertragssprache<\/strong><\/h2>\n\n\n\n<p>2.1. Die Pr\u00e4sentation und Bewerbung der beschriebenen Leistungen in der App stellen kein verbindliches Angebot seitens des Anbieters zum Abschluss eines Vertrags dar, sondern dienen zur Abgabe eines verbindlichen Angebots auf Abschluss eines Vertrags durch den Kunden.<\/p>\n\n\n\n<p>2.2. Der Kunde kann ein Angebot durch Ausf\u00fcllen und Absenden des in der App integrierten Online-Bestellformulars abgeben. Die vom Kunden f\u00fcr das Angebot einzutragenden erforderlichen Daten ergeben sich aus der Eingabemaske des Online-Bestellformulars. Nach Eingabe der Daten im Online-Bestellformular und durch Klicken des den Bestellvorgang abschlie\u00dfenden Buttons gibt der Kunde ein rechtsverbindliches Vertragsangebot in Bezug auf die ausgew\u00e4hlten Leistungen ab. Der Kunde kann seine Eingaben jederzeit vor Absenden seiner rechtsverbindlichen Bestellung \u00fcber die \u00fcblichen Tastatur- und Mausfunktionen berichtigen.<\/p>\n\n\n\n<p>2.3. Ein Vertrag zwischen den Parteien kommt erst zustande, wenn der Anbieter das Vertragsangebot des Kunden innerhalb von 24 Stunden annimmt,<\/p>\n\n\n\n<ul class=\"wp-block-list\">\n<li>indem er dem Kunden eine Annahmeerkl\u00e4rung (z.B. durch Auftragsbest\u00e4tigung) in Schrift- oder Textform (z.B. per Brief oder E-Mail) \u00fcbermittelt und ma\u00dfgeblicher Zeitpunkt der Zugang der Annahmeerkl\u00e4rung beim Kunden ist, oder<\/li>\n\n\n\n<li>indem er dem Kunden die bestellten Leistungen bereitstellt.<\/li>\n<\/ul>\n\n\n\n<p>Liegen mehrere der vorgenannten Alternativen vor, kommt der Vertrag in dem Zeitpunkt zustande, in dem eine der vorgenannten Alternativen zuerst eintritt. Die Frist zur Annahme des Angebots beginnt am Tag nach der Absendung des Angebots durch den Kunden. Die Frist endet mit dem Ablauf der vom Anbieter vorgenannten Frist. Nimmt der Anbieter das Angebot des Kunden innerhalb vorgenannter Frist nicht an, so gilt dies als Ablehnung des Angebots mit der Folge, dass der Anbieter nicht mehr an seine Willenserkl\u00e4rung gebunden ist.<\/p>\n\n\n\n<p>2.4. Der Anbieter stellt dem Kunden die AGB sowie den Vertragstext bei Vertragsschluss in elektronischer Form zur Verf\u00fcgung. Der Kunde hat die M\u00f6glichkeit, diese \u00fcber einen bereitgestellten Link abzurufen und in einer wiedergabef\u00e4higen Form zu speichern. Der Anbieter weist darauf hin, dass der Vertragstext nach Vertragsschluss nicht dauerhaft zug\u00e4nglich bleibt. Es wird empfohlen, den Vertragstext rechtzeitig zu speichern.<\/p>\n\n\n\n<p>2.5. Der Vertragsschluss erfolgt in deutscher und englischer Sprache.<\/p>\n\n\n\n<p>2.6. Der Kunde hat sicherzustellen, dass die von ihm im Bestellvorgang angegebene E-Mail-Adresse zutreffend ist, so dass unter dieser Adresse die vom Anbieter versandten E-Mails empfangen werden k\u00f6nnen. Insbesondere hat der Kunde bei dem Einsatz von SPAM-Filtern sicherzustellen, dass alle vom Anbieter oder von diesem mit der Bestellabwicklung beauftragten Dritten versandten E-Mails zugestellt werden k\u00f6nnen.<\/p>\n\n\n\n<p>2.7. Sofern die Parteien Sonderkonditionen vereinbart haben, gelten diese grunds\u00e4tzlich nicht f\u00fcr gleichzeitig laufende und zuk\u00fcnftige Vertragsverh\u00e4ltnisse mit dem Kunden.<\/p>\n\n\n\n<ol start=\"4\" class=\"wp-block-list\"><\/ol>\n\n\n\n<h2 class=\"wp-block-heading\">3. <strong>Preise und Zahlungsbedingungen<\/strong><\/h2>\n\n\n\n<p>3.1. Sofern sich aus der Leistungsbeschreibung des Anbieters nichts anderes ergibt, handelt es sich bei den angegebenen Preisen um Nettopreise, die zuz\u00fcglich der gesetzlichen Umsatzsteuer gelten.<\/p>\n\n\n\n<p>3.2. Der Rechnungsbetrag wird vom Anbieter in den vereinbarten Intervallen abgerechnet und kann vom Kunden per Bank\u00fcberweisung auf das vom Anbieter angegebene Bankkonto gezahlt werden. Sofern sich aus dem Inhalt der Rechnung nichts anderes ergibt, ist der Rechnungsbetrag innerhalb von zehn (10) Tagen ohne Skontoabzug nach Zugang einer Rechnung zur Zahlung f\u00e4llig. F\u00fcr die Rechtzeitigkeit der Zahlung ist der Eingang des Rechnungsbetrages auf dem Gesch\u00e4ftskonto des Anbieters ma\u00dfgebend. Das Reverse-Charge-Verfahren wird angewandt. Es ist nur der Nettobetrag zu zahlen.<\/p>\n\n\n\n<p>3.3. Aufrechnungsrechte stehen dem Kunden nur zu, wenn seine Gegenanspr\u00fcche rechtskr\u00e4ftig festgestellt oder unbestritten mit der Hauptforderung des Anbieters gegenseitig verkn\u00fcpft oder von diesem anerkannt sind.<\/p>\n\n\n\n<p>3.4. Ein Zur\u00fcckbehaltungsrecht des Kunden ist ausgeschlossen, es sei denn, die Gegenforderung des Kunden stammt aus demselben Vertragsverh\u00e4ltnis und ist unbestritten oder rechtskr\u00e4ftig festgestellt. Zur Geltendmachung des Rechts ist eine schriftliche Anzeige an den Anbieter erforderlich.<\/p>\n\n\n\n<p>3.5. Wird nach Abschluss des Vertrags erkennbar (z.B. durch Antrag auf Er\u00f6ffnung eines Insolvenzverfahrens), dass der Anspruch des Anbieters auf die Verg\u00fctung durch mangelnde Leistungsf\u00e4higkeit des Kunden gef\u00e4hrdet wird, so ist der Anbieter nach den gesetzlichen Vorschriften zur Leistungsverweigerung und \u2013 gegebenenfalls nach Fristsetzung \u2013 zum R\u00fccktritt vom Vertrag berechtigt (\u00a7 321 BGB).<\/p>\n\n\n\n<ol class=\"wp-block-list\"><\/ol>\n\n\n\n<h2 class=\"wp-block-heading\">4. <strong>Vertragslaufzeit und K\u00fcndigung bei Abonnementvertr\u00e4gen<\/strong><\/h2>\n\n\n\n<p>4.1. Abonnementvertr\u00e4ge beginnen mit dem Vertragsschluss und werden unbefristet, mindestens jedoch f\u00fcr die in der jeweiligen Leistungsbeschreibung in der App des Anbieters angegebene und zwischen den Parteien vereinbarte Mindestlaufzeit geschlossen. Der Abonnementvertrag kann w\u00e4hrend der Mindestlaufzeit jederzeit mit der ebenfalls zwischen den Parteien vereinbarten K\u00fcndigungsfrist zum Ende der Mindestlaufzeit gek\u00fcndigt werden. Wird der Abonnementvertrag nicht fristgerecht gek\u00fcndigt, verl\u00e4ngert er sich automatisch jeweils um den zwischen den Parteien vereinbarten Verl\u00e4ngerungszeitraum und kann dann jeweils wieder mit der zwischen den Parteien vereinbarten K\u00fcndigungsfrist zum Ende der jeweiligen Vertragslaufzeit gek\u00fcndigt werden.<\/p>\n\n\n\n<p>4.2. Der Kunde ist verpflichtet, seine Daten (insbesondere Rechnungsdaten) stets auf dem aktuellen Stand zu halten und im Falle von \u00c4nderungen eine Aktualisierung seiner Daten selbst durchzuf\u00fchren oder diese dem Anbieter mitzuteilen.<\/p>\n\n\n\n<p>4.3. Unber\u00fchrt bleibt das Recht jeder Partei, den Vertrag aus wichtigem Grunde fristlos zu k\u00fcndigen. Ein wichtiger Grund liegt vor, wenn dem k\u00fcndigenden Teil unter Ber\u00fccksichtigung aller Umst\u00e4nde des Einzelfalls und unter Abw\u00e4gung der beiderseitigen Interessen die Fortsetzung des Vertragsverh\u00e4ltnisses bis zur vereinbarten Beendigung oder bis zum Ablauf einer K\u00fcndigungsfrist nicht zugemutet werden kann.<em>\u00a0<\/em><\/p>\n\n\n\n<p>4.4. Abonnementvertr\u00e4ge k\u00f6nnen in Schrift- oder Textform (z.B. per E-Mail oder per Brief) gek\u00fcndigt werden.<\/p>\n\n\n\n<ol class=\"wp-block-list\"><\/ol>\n\n\n\n<h2 class=\"wp-block-heading\">5. <strong>Haftung f\u00fcr Sch\u00e4den<\/strong><\/h2>\n\n\n\n<p>5.1. Hinsichtlich der von dem Anbieter erbrachten Leistungen haftet dieser, seine gesetzlichen Vertreter und Erf\u00fcllungsgehilfen uneingeschr\u00e4nkt:<\/p>\n\n\n\n<ol class=\"wp-block-list\"><\/ol>\n\n\n\n<ol start=\"3\" class=\"wp-block-list\"><\/ol>\n\n\n\n<ul class=\"wp-block-list\">\n<li>bei Vorsatz oder grober Fahrl\u00e4ssigkeit;<\/li>\n\n\n\n<li>bei vors\u00e4tzlicher oder fahrl\u00e4ssiger Verletzung des Lebens, des K\u00f6rpers oder der Gesundheit;<\/li>\n\n\n\n<li>bei Garantieversprechen, soweit dieses zwischen den Parteien vereinbart ist;<\/li>\n\n\n\n<li>soweit der Anwendungsbereich des Produkthaftungsgesetzes er\u00f6ffnet ist.<\/li>\n<\/ul>\n\n\n\n<p>5.2. Bei der Verletzung vertragswesentlicher Pflichten ist die Haftung des Anbieters auf den vorhersehbaren, vertragstypischen Schaden begrenzt, sofern nicht gem\u00e4\u00df Ziffer 5.1. unbeschr\u00e4nkt gehaftet wird. Wesentliche Vertragspflichten sind solche Pflichten, die der Vertrag dem Anbieter nach seinem Inhalt zur Erreichung des Vertragszwecks auferlegt, deren Erf\u00fcllung die ordnungsgem\u00e4\u00dfe Durchf\u00fchrung des Vertrags \u00fcberhaupt erst erm\u00f6glicht und auf deren Einhaltung der Kunde regelm\u00e4\u00dfig vertrauen darf (sog. Kardinalpflichten).<\/p>\n\n\n\n<p>5.3. Im \u00dcbrigen ist eine Haftung des Anbieters ausgeschlossen.\u00a0<\/p>\n\n\n\n<h2 class=\"wp-block-heading\">6. <strong>\u00c4nderung der AGB<\/strong><\/h2>\n\n\n\n<p>6.1. Der Anbieter beh\u00e4lt sich vor, diese AGB jederzeit ohne Angabe von Gr\u00fcnden zu \u00e4ndern, es sei denn, dies ist f\u00fcr den Kunden nicht zumutbar. Der Anbieter wird den Kunden \u00fcber \u00c4nderungen der AGB rechtzeitig in Textform benachrichtigen. Widerspricht der Kunde der Geltung der neuen AGB nicht innerhalb einer Frist von vier (4) Wochen nach der Benachrichtigung, gelten die ge\u00e4nderten AGB als vom Kunden angenommen. Der Anbieter wird den Kunden in der Benachrichtigung auf sein Widerspruchsrecht und die Bedeutung der Widerspruchsfrist hinweisen. Widerspricht der Kunde den \u00c4nderungen innerhalb der vorgenannten Frist, so besteht das Vertragsverh\u00e4ltnis zu den urspr\u00fcnglichen AGB fort.<\/p>\n\n\n\n<p>6.2. Der Anbieter beh\u00e4lt sich dar\u00fcber hinaus vor, diese AGB zu \u00e4ndern,<\/p>\n\n\n\n<ol class=\"wp-block-list\"><\/ol>\n\n\n\n<ol start=\"2\" class=\"wp-block-list\"><\/ol>\n\n\n\n<ul class=\"wp-block-list\">\n<li>soweit er hierzu aufgrund einer \u00c4nderung der Rechtslage verpflichtet ist;<\/li>\n\n\n\n<li>soweit er damit einem gegen sich gerichteten Gerichtsurteil oder einer Beh\u00f6rdenentscheidung nachkommt;<\/li>\n\n\n\n<li>soweit er zus\u00e4tzliche, g\u00e4nzlich neue Dienstleistungen, Dienste oder Dienstelemente einf\u00fchrt, die einer Inhaltsbeschreibung in den AGB bed\u00fcrfen, es sei denn, das bisherige Vertragsverh\u00e4ltnis wird dadurch nachteilig ver\u00e4ndert;<\/li>\n\n\n\n<li>wenn die \u00c4nderung lediglich vorteilhaft f\u00fcr den Kunden ist; oder<\/li>\n\n\n\n<li>wenn die \u00c4nderung rein technisch oder prozessual bedingt ist, es sei denn, sie hat wesentliche Auswirkungen f\u00fcr den Kunden.<\/li>\n<\/ul>\n\n\n\n<p>6.3. Das K\u00fcndigungsrecht des Kunden bleibt hiervon unber\u00fchrt.<\/p>\n\n\n\n<h2 class=\"wp-block-heading\">7. <strong>Schlussbestimmungen<\/strong><\/h2>\n\n\n\n<p>7.1. Die Abtretung von Rechten aus dem zwischen den Parteien geschlossenen Vertrag bedarf der vorherigen schriftlichen Zustimmung der jeweils anderen Partei.\u00a0<\/p>\n\n\n\n<p>7.2. F\u00fcr s\u00e4mtliche Rechtsbeziehungen der Parteien gilt das Recht der Bundesrepublik Deutschland, unter Ausschluss internationalen Einheitsrechts, insbesondere des UN-Kaufrechts.<\/p>\n\n\n\n<p>7.3. Ist der Kunde Kaufmann i.S.d. Handelsgesetzbuchs, Unternehmer i.S.v. \u00a7 14 BGB, juristische Person des \u00f6ffentlichen Rechts oder ein \u00f6ffentlich-rechtliches Sonderverm\u00f6gen, ist ausschlie\u00dflicher \u2013 auch internationaler Gerichtsstand f\u00fcr alle sich aus dem Vertragsverh\u00e4ltnis unmittelbar oder mittelbar ergebenden Streitigkeiten der Gesch\u00e4ftssitz des Anbieters. Der Anbieter ist in allen F\u00e4llen auch berechtigt, Klage am Erf\u00fcllungsort der Leistungsverpflichtung gem\u00e4\u00df diesen AGB bzw. einer vorrangigen Individualabrede oder am allgemeinen Gerichtsstand des Kunden zu erheben. Vorrangige gesetzliche Vorschriften, insbesondere zu ausschlie\u00dflichen Zust\u00e4ndigkeiten, bleiben unber\u00fchrt.<\/p>\n\n\n\n<ol class=\"wp-block-list\"><\/ol>\n\n\n\n<ol start=\"3\" class=\"wp-block-list\"><\/ol>\n\n\n\n<p><strong>Stand: 01.09.2025<\/strong><\/p>\n","protected":false},"excerpt":{"rendered":"<p>1. Geltungsbereich, Begriffsbestimmungen und Vertragsgegenstand 1.1. Die nachfolgenden Allgemeinen Gesch\u00e4ftsbedingungen (nachfolgend \u201eAGB\u201c) gelten f\u00fcr alle Vertr\u00e4ge zwischen der EasyJob4You LDA, vertreten durch die Gesch\u00e4ftsf\u00fchrer Helmut Scher\u00fcbl, Izabela Podgorska, Avenida da Rep\u00fablica, 6, P-1050-191 Lissabon, Portugal (nachfolgend geschlechtsneutral \u201eAnbieter\u201c) und den Kund:innen (nachfolgend geschlechtsneutral \u201eKunde\u201c, gemeinsam auch \u201eParteien\u201c), die diese mit dem Anbieter hinsichtlich der in [&hellip;]<\/p>\n","protected":false},"author":1,"featured_media":0,"parent":0,"menu_order":0,"comment_status":"closed","ping_status":"closed","template":"views\/text.blade.php","meta":{"_acf_changed":false,"footnotes":""},"class_list":["post-252","page","type-page","status-publish","hentry"],"acf":[],"yoast_head":"<!-- This site is optimized with the Yoast SEO plugin v26.9 - https:\/\/yoast.com\/product\/yoast-seo-wordpress\/ -->\n<title>Gesch\u00e4ftsbedingungen - Easy Job 4 You<\/title>\n<meta name=\"robots\" content=\"index, follow, max-snippet:-1, max-image-preview:large, max-video-preview:-1\" \/>\n<link rel=\"canonical\" href=\"https:\/\/easyjob4you.ai\/terms-conditions\/\" \/>\n<meta property=\"og:locale\" content=\"de_DE\" \/>\n<meta property=\"og:type\" content=\"article\" \/>\n<meta property=\"og:title\" content=\"Gesch\u00e4ftsbedingungen - Easy Job 4 You\" \/>\n<meta property=\"og:description\" content=\"1. Geltungsbereich, Begriffsbestimmungen und Vertragsgegenstand 1.1. Die nachfolgenden Allgemeinen Gesch\u00e4ftsbedingungen (nachfolgend \u201eAGB\u201c) gelten f\u00fcr alle Vertr\u00e4ge zwischen der EasyJob4You LDA, vertreten durch die Gesch\u00e4ftsf\u00fchrer Helmut Scher\u00fcbl, Izabela Podgorska, Avenida da Rep\u00fablica, 6, P-1050-191 Lissabon, Portugal (nachfolgend geschlechtsneutral \u201eAnbieter\u201c) und den Kund:innen (nachfolgend geschlechtsneutral \u201eKunde\u201c, gemeinsam auch \u201eParteien\u201c), die diese mit dem Anbieter hinsichtlich der in [&hellip;]\" \/>\n<meta property=\"og:url\" content=\"https:\/\/easyjob4you.ai\/terms-conditions\/\" \/>\n<meta property=\"og:site_name\" content=\"Easy Job 4 You\" \/>\n<meta property=\"article:modified_time\" content=\"2026-02-03T14:19:51+00:00\" \/>\n<meta name=\"twitter:card\" content=\"summary_large_image\" \/>\n<meta name=\"twitter:label1\" content=\"Est. reading time\" \/>\n\t<meta name=\"twitter:data1\" content=\"8 minutes\" \/>\n<script type=\"application\/ld+json\" class=\"yoast-schema-graph\">{\"@context\":\"https:\/\/schema.org\",\"@graph\":[{\"@type\":\"WebPage\",\"@id\":\"https:\/\/easyjob4you.ai\/terms-conditions\/\",\"url\":\"https:\/\/easyjob4you.ai\/terms-conditions\/\",\"name\":\"Gesch\u00e4ftsbedingungen - Easy Job 4 You\",\"isPartOf\":{\"@id\":\"https:\/\/easyjob4you.ai\/#website\"},\"datePublished\":\"2026-01-13T22:59:26+00:00\",\"dateModified\":\"2026-02-03T14:19:51+00:00\",\"breadcrumb\":{\"@id\":\"https:\/\/easyjob4you.ai\/terms-conditions\/#breadcrumb\"},\"inLanguage\":\"de-DE\",\"potentialAction\":[{\"@type\":\"ReadAction\",\"target\":[\"https:\/\/easyjob4you.ai\/terms-conditions\/\"]}]},{\"@type\":\"BreadcrumbList\",\"@id\":\"https:\/\/easyjob4you.ai\/terms-conditions\/#breadcrumb\",\"itemListElement\":[{\"@type\":\"ListItem\",\"position\":1,\"name\":\"Home\",\"item\":\"https:\/\/easyjob4you.ai\/de\/homepage\/\"},{\"@type\":\"ListItem\",\"position\":2,\"name\":\"Gesch\u00e4ftsbedingungen\"}]},{\"@type\":\"WebSite\",\"@id\":\"https:\/\/easyjob4you.ai\/#website\",\"url\":\"https:\/\/easyjob4you.ai\/\",\"name\":\"Easyjob4you\",\"description\":\"\",\"publisher\":{\"@id\":\"https:\/\/easyjob4you.ai\/#organization\"},\"potentialAction\":[{\"@type\":\"SearchAction\",\"target\":{\"@type\":\"EntryPoint\",\"urlTemplate\":\"https:\/\/easyjob4you.ai\/?s={search_term_string}\"},\"query-input\":{\"@type\":\"PropertyValueSpecification\",\"valueRequired\":true,\"valueName\":\"search_term_string\"}}],\"inLanguage\":\"de-DE\"},{\"@type\":\"Organization\",\"@id\":\"https:\/\/easyjob4you.ai\/#organization\",\"name\":\"easyjob4you\",\"url\":\"https:\/\/easyjob4you.ai\/\",\"logo\":{\"@type\":\"ImageObject\",\"inLanguage\":\"de-DE\",\"@id\":\"https:\/\/easyjob4you.ai\/#\/schema\/logo\/image\/\",\"url\":\"https:\/\/easyjob4you.ai\/wp-content\/uploads\/2026\/01\/ej4y-logo.svg\",\"contentUrl\":\"https:\/\/easyjob4you.ai\/wp-content\/uploads\/2026\/01\/ej4y-logo.svg\",\"width\":1,\"height\":1,\"caption\":\"easyjob4you\"},\"image\":{\"@id\":\"https:\/\/easyjob4you.ai\/#\/schema\/logo\/image\/\"}}]}<\/script>\n<!-- \/ Yoast SEO plugin. -->","yoast_head_json":{"title":"Gesch\u00e4ftsbedingungen - Easy Job 4 You","robots":{"index":"index","follow":"follow","max-snippet":"max-snippet:-1","max-image-preview":"max-image-preview:large","max-video-preview":"max-video-preview:-1"},"canonical":"https:\/\/easyjob4you.ai\/terms-conditions\/","og_locale":"de_DE","og_type":"article","og_title":"Gesch\u00e4ftsbedingungen - Easy Job 4 You","og_description":"1. Geltungsbereich, Begriffsbestimmungen und Vertragsgegenstand 1.1. Die nachfolgenden Allgemeinen Gesch\u00e4ftsbedingungen (nachfolgend \u201eAGB\u201c) gelten f\u00fcr alle Vertr\u00e4ge zwischen der EasyJob4You LDA, vertreten durch die Gesch\u00e4ftsf\u00fchrer Helmut Scher\u00fcbl, Izabela Podgorska, Avenida da Rep\u00fablica, 6, P-1050-191 Lissabon, Portugal (nachfolgend geschlechtsneutral \u201eAnbieter\u201c) und den Kund:innen (nachfolgend geschlechtsneutral \u201eKunde\u201c, gemeinsam auch \u201eParteien\u201c), die diese mit dem Anbieter hinsichtlich der in [&hellip;]","og_url":"https:\/\/easyjob4you.ai\/terms-conditions\/","og_site_name":"Easy Job 4 You","article_modified_time":"2026-02-03T14:19:51+00:00","twitter_card":"summary_large_image","twitter_misc":{"Est. reading time":"8 minutes"},"schema":{"@context":"https:\/\/schema.org","@graph":[{"@type":"WebPage","@id":"https:\/\/easyjob4you.ai\/terms-conditions\/","url":"https:\/\/easyjob4you.ai\/terms-conditions\/","name":"Gesch\u00e4ftsbedingungen - Easy Job 4 You","isPartOf":{"@id":"https:\/\/easyjob4you.ai\/#website"},"datePublished":"2026-01-13T22:59:26+00:00","dateModified":"2026-02-03T14:19:51+00:00","breadcrumb":{"@id":"https:\/\/easyjob4you.ai\/terms-conditions\/#breadcrumb"},"inLanguage":"de-DE","potentialAction":[{"@type":"ReadAction","target":["https:\/\/easyjob4you.ai\/terms-conditions\/"]}]},{"@type":"BreadcrumbList","@id":"https:\/\/easyjob4you.ai\/terms-conditions\/#breadcrumb","itemListElement":[{"@type":"ListItem","position":1,"name":"Home","item":"https:\/\/easyjob4you.ai\/de\/homepage\/"},{"@type":"ListItem","position":2,"name":"Gesch\u00e4ftsbedingungen"}]},{"@type":"WebSite","@id":"https:\/\/easyjob4you.ai\/#website","url":"https:\/\/easyjob4you.ai\/","name":"Easyjob4you","description":"","publisher":{"@id":"https:\/\/easyjob4you.ai\/#organization"},"potentialAction":[{"@type":"SearchAction","target":{"@type":"EntryPoint","urlTemplate":"https:\/\/easyjob4you.ai\/?s={search_term_string}"},"query-input":{"@type":"PropertyValueSpecification","valueRequired":true,"valueName":"search_term_string"}}],"inLanguage":"de-DE"},{"@type":"Organization","@id":"https:\/\/easyjob4you.ai\/#organization","name":"easyjob4you","url":"https:\/\/easyjob4you.ai\/","logo":{"@type":"ImageObject","inLanguage":"de-DE","@id":"https:\/\/easyjob4you.ai\/#\/schema\/logo\/image\/","url":"https:\/\/easyjob4you.ai\/wp-content\/uploads\/2026\/01\/ej4y-logo.svg","contentUrl":"https:\/\/easyjob4you.ai\/wp-content\/uploads\/2026\/01\/ej4y-logo.svg","width":1,"height":1,"caption":"easyjob4you"},"image":{"@id":"https:\/\/easyjob4you.ai\/#\/schema\/logo\/image\/"}}]}},"_links":{"self":[{"href":"https:\/\/easyjob4you.ai\/de\/wp-json\/wp\/v2\/pages\/252","targetHints":{"allow":["GET"]}}],"collection":[{"href":"https:\/\/easyjob4you.ai\/de\/wp-json\/wp\/v2\/pages"}],"about":[{"href":"https:\/\/easyjob4you.ai\/de\/wp-json\/wp\/v2\/types\/page"}],"author":[{"embeddable":true,"href":"https:\/\/easyjob4you.ai\/de\/wp-json\/wp\/v2\/users\/1"}],"replies":[{"embeddable":true,"href":"https:\/\/easyjob4you.ai\/de\/wp-json\/wp\/v2\/comments?post=252"}],"version-history":[{"count":5,"href":"https:\/\/easyjob4you.ai\/de\/wp-json\/wp\/v2\/pages\/252\/revisions"}],"predecessor-version":[{"id":258,"href":"https:\/\/easyjob4you.ai\/de\/wp-json\/wp\/v2\/pages\/252\/revisions\/258"}],"wp:attachment":[{"href":"https:\/\/easyjob4you.ai\/de\/wp-json\/wp\/v2\/media?parent=252"}],"curies":[{"name":"wp","href":"https:\/\/api.w.org\/{rel}","templated":true}]}}