{"id":301,"date":"2026-01-20T20:31:04","date_gmt":"2026-01-20T20:31:04","guid":{"rendered":"https:\/\/easyjob4you.ai\/legal-notice-impressum\/"},"modified":"2026-02-03T14:51:52","modified_gmt":"2026-02-03T14:51:52","slug":"legal-notice-impressum","status":"publish","type":"page","link":"https:\/\/easyjob4you.ai\/de\/legal-notice-impressum\/","title":{"rendered":"Legal Notice (Impressum)"},"content":{"rendered":"\n<h2 class=\"wp-block-heading\">Impressum<\/h2>\n\n\n\n<p><strong>EasyJob4You LDA Avenida da Rep\u00fablica, 6<br>P-1050-191 Lisbon<br>Portugal<\/strong><\/p>\n\n\n\n<hr class=\"wp-block-separator has-alpha-channel-opacity\"\/>\n\n\n\n<h2 class=\"wp-block-heading\"><strong>Rechtsform:<\/strong><\/h2>\n\n\n\n<p>Sociedade por Quotas (LDA), portugiesische Gesellschaft mit beschr\u00e4nkter Haftung<\/p>\n\n\n\n<p>Handelsregister (Registo Comercial): 518336999<br>Registergericht (Tribunal do Registo Comercial): Conservat\u00f3ria do Registo Comercial de Lisboa<\/p>\n\n\n\n<p><br><strong>Vertreten durch den\/die Gesch\u00e4ftsf\u00fchrer:<\/strong><br>Helmut Scher\u00fcbl, Izabela Podgorska<\/p>\n\n\n\n<h2 class=\"wp-block-heading\"><strong>Kontakt<\/strong><\/h2>\n\n\n\n<p>Telefon: +351 2131 95608<br>E-Mail: support@easyjob4you.ai<\/p>\n\n\n\n<p><strong>Umsatzsteuer-Identifikationsnummer (N\u00famero de Identifica\u00e7\u00e3o Fiscal, NIF) gem\u00e4\u00df \u00a7 27a Umsatzsteuergesetz<\/strong><\/p>\n\n\n\n<p>PT518336999<\/p>\n\n\n\n<p><strong>Steueridentifikationsnummer (N\u00famero de Identifica\u00e7\u00e3o de Pessoa Coletiva, NIPC)<\/strong><\/p>\n\n\n\n<p>NIF518336999<\/p>\n\n\n\n<p><strong>Verantwortlich i.S.d. \u00a7 18 Abs. 2 MStV<\/strong><\/p>\n\n\n\n<p>Izabela Podgorska (Adresse und Kontakt wie oben)<\/p>\n\n\n\n<h2 class=\"wp-block-heading\"><strong>Verbraucherstreitbeilegung<\/strong><\/h2>\n\n\n\n<p>Wir sind zur Teilnahme an einem Streitbeilegungsverfahren vor einer Verbraucherschlichtungsstelle weder verpflichtet noch bereit.<\/p>\n\n\n\n<p>Weitere Informationen erhalten Sie unter <a href=\"https:\/\/www.livroreclamacoes.pt\/Inicio\/\">https:\/\/www.livroreclamacoes.pt\/Inicio\/<\/a> oder <a href=\"https:\/\/cec.consumidor.gov.pt\">https:\/\/cec.consumidor.gov.pt<\/a>.<\/p>\n\n\n\n<h2 class=\"wp-block-heading\"><strong>Markenrechte<\/strong><\/h2>\n\n\n\n<p>EASY JOB 4 YOU APP ist eine eingetragene Unionsmarke vom Typ Bildmarke mit der Eintragungsnummer 019090853. Inhaber der Unionsmarke ist ECLIPSEBAY, LDA, P-1050-191 Lissabon, Portugal.<\/p>\n\n\n\n<h2 class=\"wp-block-heading\"><strong>Bildquellen<\/strong><\/h2>\n\n\n\n<p>Ionicons: <a href=\"https:\/\/ionic.io\/ionicons\">https:\/\/ionic.io\/ionicons<\/a><\/p>\n\n\n\n<p>Das auf dieser Website verwendete Logo wurde mittels K\u00fcnstlicher Intelligenz (KI) generiert.<\/p>\n\n\n\n<p><strong>Zentrale Kontaktstelle nach dem Digital Services Act &#8211; DSA (Verordnung (EU) 2022\/265)<\/strong><\/p>\n\n\n\n<p>Unsere zentrale Kontaktstelle f\u00fcr Nutzer und Beh\u00f6rden nach Art. 11, 12 DSA erreichen Sie wie folgt:&nbsp;<\/p>\n\n\n\n<p>E-Mail: support@easyjob4you.ai<\/p>\n\n\n\n<p>Telefon: +351 2131 95608<\/p>\n\n\n\n<p>Die f\u00fcr den Kontakt zur Verf\u00fcgung stehenden Sprachen sind: Deutsch und Englisch.<\/p>\n\n\n\n<p><strong>Nutzungsvorbehalt f\u00fcr Text und Data Mining<\/strong><\/p>\n\n\n\n<p>Die Nutzung oder das Herunterladen von Inhalten dieser Website durch Dritte zum Zwecke des \u201eText- und Data Minings\u201c, insbesondere zur Entwicklung, zum Training oder zum Betrieb von k\u00fcnstlicher Intelligenz oder anderen maschinellen Lernensystemen, ist ausschlie\u00dflich nach vorheriger ausdr\u00fccklicher schriftlicher Zustimmung des Inhabers dieser Website gestattet. Ohne eine solche Zustimmung ist jegliche Verwendung der Inhalte f\u00fcr Text- und Data Mining untersagt. Dies gilt unabh\u00e4ngig davon, ob auf der Website technische Ma\u00dfnahmen oder Meta-Angaben implementiert sind, die automatisierte Zugriffe oder Text- und Data Mining durch Bots verhindern oder nicht.<\/p>\n","protected":false},"excerpt":{"rendered":"<p>Impressum EasyJob4You LDA Avenida da Rep\u00fablica, 6P-1050-191 LisbonPortugal Rechtsform: Sociedade por Quotas (LDA), portugiesische Gesellschaft mit beschr\u00e4nkter Haftung Handelsregister (Registo Comercial): 518336999Registergericht (Tribunal do Registo Comercial): Conservat\u00f3ria do Registo Comercial de Lisboa Vertreten durch den\/die Gesch\u00e4ftsf\u00fchrer:Helmut Scher\u00fcbl, Izabela Podgorska Kontakt Telefon: +351 2131 95608E-Mail: support@easyjob4you.ai Umsatzsteuer-Identifikationsnummer (N\u00famero de Identifica\u00e7\u00e3o Fiscal, NIF) gem\u00e4\u00df \u00a7 27a Umsatzsteuergesetz [&hellip;]<\/p>\n","protected":false},"author":1,"featured_media":0,"parent":0,"menu_order":0,"comment_status":"closed","ping_status":"closed","template":"views\/text.blade.php","meta":{"_acf_changed":false,"footnotes":""},"class_list":["post-301","page","type-page","status-publish","hentry"],"acf":[],"yoast_head":"<!-- This site is optimized with the Yoast SEO plugin v26.9 - https:\/\/yoast.com\/product\/yoast-seo-wordpress\/ -->\n<title>Legal Notice (Impressum) - Easy Job 4 You<\/title>\n<meta name=\"robots\" content=\"index, follow, max-snippet:-1, max-image-preview:large, max-video-preview:-1\" \/>\n<link rel=\"canonical\" href=\"https:\/\/easyjob4you.ai\/impressum\/\" \/>\n<meta property=\"og:locale\" content=\"de_DE\" \/>\n<meta property=\"og:type\" content=\"article\" \/>\n<meta property=\"og:title\" content=\"Legal Notice (Impressum) - Easy Job 4 You\" \/>\n<meta property=\"og:description\" content=\"Impressum EasyJob4You LDA Avenida da Rep\u00fablica, 6P-1050-191 LisbonPortugal Rechtsform: Sociedade por Quotas (LDA), portugiesische Gesellschaft mit beschr\u00e4nkter Haftung Handelsregister (Registo Comercial): 518336999Registergericht (Tribunal do Registo Comercial): Conservat\u00f3ria do Registo Comercial de Lisboa Vertreten durch den\/die Gesch\u00e4ftsf\u00fchrer:Helmut Scher\u00fcbl, Izabela Podgorska Kontakt Telefon: +351 2131 95608E-Mail: support@easyjob4you.ai Umsatzsteuer-Identifikationsnummer (N\u00famero de Identifica\u00e7\u00e3o Fiscal, NIF) gem\u00e4\u00df \u00a7 27a Umsatzsteuergesetz [&hellip;]\" \/>\n<meta property=\"og:url\" content=\"https:\/\/easyjob4you.ai\/impressum\/\" \/>\n<meta property=\"og:site_name\" content=\"Easy Job 4 You\" \/>\n<meta property=\"article:modified_time\" content=\"2026-02-03T14:51:52+00:00\" \/>\n<meta name=\"twitter:card\" content=\"summary_large_image\" \/>\n<meta name=\"twitter:label1\" content=\"Est. reading time\" \/>\n\t<meta name=\"twitter:data1\" content=\"2 minutes\" \/>\n<script type=\"application\/ld+json\" class=\"yoast-schema-graph\">{\"@context\":\"https:\/\/schema.org\",\"@graph\":[{\"@type\":\"WebPage\",\"@id\":\"https:\/\/easyjob4you.ai\/impressum\/\",\"url\":\"https:\/\/easyjob4you.ai\/impressum\/\",\"name\":\"Legal Notice (Impressum) - Easy Job 4 You\",\"isPartOf\":{\"@id\":\"https:\/\/easyjob4you.ai\/#website\"},\"datePublished\":\"2026-01-20T20:31:04+00:00\",\"dateModified\":\"2026-02-03T14:51:52+00:00\",\"breadcrumb\":{\"@id\":\"https:\/\/easyjob4you.ai\/impressum\/#breadcrumb\"},\"inLanguage\":\"de-DE\",\"potentialAction\":[{\"@type\":\"ReadAction\",\"target\":[\"https:\/\/easyjob4you.ai\/impressum\/\"]}]},{\"@type\":\"BreadcrumbList\",\"@id\":\"https:\/\/easyjob4you.ai\/impressum\/#breadcrumb\",\"itemListElement\":[{\"@type\":\"ListItem\",\"position\":1,\"name\":\"Home\",\"item\":\"https:\/\/easyjob4you.ai\/de\/homepage\/\"},{\"@type\":\"ListItem\",\"position\":2,\"name\":\"Legal Notice (Impressum)\"}]},{\"@type\":\"WebSite\",\"@id\":\"https:\/\/easyjob4you.ai\/#website\",\"url\":\"https:\/\/easyjob4you.ai\/\",\"name\":\"Easyjob4you\",\"description\":\"\",\"publisher\":{\"@id\":\"https:\/\/easyjob4you.ai\/#organization\"},\"potentialAction\":[{\"@type\":\"SearchAction\",\"target\":{\"@type\":\"EntryPoint\",\"urlTemplate\":\"https:\/\/easyjob4you.ai\/?s={search_term_string}\"},\"query-input\":{\"@type\":\"PropertyValueSpecification\",\"valueRequired\":true,\"valueName\":\"search_term_string\"}}],\"inLanguage\":\"de-DE\"},{\"@type\":\"Organization\",\"@id\":\"https:\/\/easyjob4you.ai\/#organization\",\"name\":\"easyjob4you\",\"url\":\"https:\/\/easyjob4you.ai\/\",\"logo\":{\"@type\":\"ImageObject\",\"inLanguage\":\"de-DE\",\"@id\":\"https:\/\/easyjob4you.ai\/#\/schema\/logo\/image\/\",\"url\":\"https:\/\/easyjob4you.ai\/wp-content\/uploads\/2026\/01\/ej4y-logo.svg\",\"contentUrl\":\"https:\/\/easyjob4you.ai\/wp-content\/uploads\/2026\/01\/ej4y-logo.svg\",\"width\":1,\"height\":1,\"caption\":\"easyjob4you\"},\"image\":{\"@id\":\"https:\/\/easyjob4you.ai\/#\/schema\/logo\/image\/\"}}]}<\/script>\n<!-- \/ Yoast SEO plugin. -->","yoast_head_json":{"title":"Legal Notice (Impressum) - Easy Job 4 You","robots":{"index":"index","follow":"follow","max-snippet":"max-snippet:-1","max-image-preview":"max-image-preview:large","max-video-preview":"max-video-preview:-1"},"canonical":"https:\/\/easyjob4you.ai\/impressum\/","og_locale":"de_DE","og_type":"article","og_title":"Legal Notice (Impressum) - Easy Job 4 You","og_description":"Impressum EasyJob4You LDA Avenida da Rep\u00fablica, 6P-1050-191 LisbonPortugal Rechtsform: Sociedade por Quotas (LDA), portugiesische Gesellschaft mit beschr\u00e4nkter Haftung Handelsregister (Registo Comercial): 518336999Registergericht (Tribunal do Registo Comercial): Conservat\u00f3ria do Registo Comercial de Lisboa Vertreten durch den\/die Gesch\u00e4ftsf\u00fchrer:Helmut Scher\u00fcbl, Izabela Podgorska Kontakt Telefon: +351 2131 95608E-Mail: support@easyjob4you.ai Umsatzsteuer-Identifikationsnummer (N\u00famero de Identifica\u00e7\u00e3o Fiscal, NIF) gem\u00e4\u00df \u00a7 27a Umsatzsteuergesetz [&hellip;]","og_url":"https:\/\/easyjob4you.ai\/impressum\/","og_site_name":"Easy Job 4 You","article_modified_time":"2026-02-03T14:51:52+00:00","twitter_card":"summary_large_image","twitter_misc":{"Est. reading time":"2 minutes"},"schema":{"@context":"https:\/\/schema.org","@graph":[{"@type":"WebPage","@id":"https:\/\/easyjob4you.ai\/impressum\/","url":"https:\/\/easyjob4you.ai\/impressum\/","name":"Legal Notice (Impressum) - Easy Job 4 You","isPartOf":{"@id":"https:\/\/easyjob4you.ai\/#website"},"datePublished":"2026-01-20T20:31:04+00:00","dateModified":"2026-02-03T14:51:52+00:00","breadcrumb":{"@id":"https:\/\/easyjob4you.ai\/impressum\/#breadcrumb"},"inLanguage":"de-DE","potentialAction":[{"@type":"ReadAction","target":["https:\/\/easyjob4you.ai\/impressum\/"]}]},{"@type":"BreadcrumbList","@id":"https:\/\/easyjob4you.ai\/impressum\/#breadcrumb","itemListElement":[{"@type":"ListItem","position":1,"name":"Home","item":"https:\/\/easyjob4you.ai\/de\/homepage\/"},{"@type":"ListItem","position":2,"name":"Legal Notice (Impressum)"}]},{"@type":"WebSite","@id":"https:\/\/easyjob4you.ai\/#website","url":"https:\/\/easyjob4you.ai\/","name":"Easyjob4you","description":"","publisher":{"@id":"https:\/\/easyjob4you.ai\/#organization"},"potentialAction":[{"@type":"SearchAction","target":{"@type":"EntryPoint","urlTemplate":"https:\/\/easyjob4you.ai\/?s={search_term_string}"},"query-input":{"@type":"PropertyValueSpecification","valueRequired":true,"valueName":"search_term_string"}}],"inLanguage":"de-DE"},{"@type":"Organization","@id":"https:\/\/easyjob4you.ai\/#organization","name":"easyjob4you","url":"https:\/\/easyjob4you.ai\/","logo":{"@type":"ImageObject","inLanguage":"de-DE","@id":"https:\/\/easyjob4you.ai\/#\/schema\/logo\/image\/","url":"https:\/\/easyjob4you.ai\/wp-content\/uploads\/2026\/01\/ej4y-logo.svg","contentUrl":"https:\/\/easyjob4you.ai\/wp-content\/uploads\/2026\/01\/ej4y-logo.svg","width":1,"height":1,"caption":"easyjob4you"},"image":{"@id":"https:\/\/easyjob4you.ai\/#\/schema\/logo\/image\/"}}]}},"_links":{"self":[{"href":"https:\/\/easyjob4you.ai\/de\/wp-json\/wp\/v2\/pages\/301","targetHints":{"allow":["GET"]}}],"collection":[{"href":"https:\/\/easyjob4you.ai\/de\/wp-json\/wp\/v2\/pages"}],"about":[{"href":"https:\/\/easyjob4you.ai\/de\/wp-json\/wp\/v2\/types\/page"}],"author":[{"embeddable":true,"href":"https:\/\/easyjob4you.ai\/de\/wp-json\/wp\/v2\/users\/1"}],"replies":[{"embeddable":true,"href":"https:\/\/easyjob4you.ai\/de\/wp-json\/wp\/v2\/comments?post=301"}],"version-history":[{"count":2,"href":"https:\/\/easyjob4you.ai\/de\/wp-json\/wp\/v2\/pages\/301\/revisions"}],"predecessor-version":[{"id":304,"href":"https:\/\/easyjob4you.ai\/de\/wp-json\/wp\/v2\/pages\/301\/revisions\/304"}],"wp:attachment":[{"href":"https:\/\/easyjob4you.ai\/de\/wp-json\/wp\/v2\/media?parent=301"}],"curies":[{"name":"wp","href":"https:\/\/api.w.org\/{rel}","templated":true}]}}